{"id":4062,"date":"2025-07-30T15:27:00","date_gmt":"2025-07-30T15:27:00","guid":{"rendered":"https:\/\/internacionalazores.com\/?page_id=4062"},"modified":"2025-07-30T15:29:17","modified_gmt":"2025-07-30T15:29:17","slug":"privacy","status":"publish","type":"page","link":"https:\/\/internacionalazores.com\/pt\/privacy\/","title":{"rendered":"Pol\u00edtica de Privacidade e Pol\u00edtica de Cookies"},"content":{"rendered":"<h1 style=\"text-align: center;\" data-start=\"354\" data-end=\"387\">Internacional Azores Boutique<\/h1>\n<h2 data-start=\"389\" data-end=\"407\">1. Introdu\u00e7\u00e3o<\/h2>\n<p data-start=\"409\" data-end=\"801\">O Internacional Azores Boutique (\u201cn\u00f3s\u201d, \u201cnos\u201d ou \u201cnosso\u201d) compromete-se a proteger a privacidade e os dados pessoais dos nossos h\u00f3spedes e visitantes do website. Esta Pol\u00edtica de Privacidade e de Cookies explica como recolhemos, utilizamos, armazenamos e partilhamos a sua informa\u00e7\u00e3o quando interage com o nosso website ou permanece na nossa propriedade, em conformidade com o Regulamento Geral sobre a Prote\u00e7\u00e3o de Dados (RGPD) e demais legisla\u00e7\u00e3o aplic\u00e1vel.<\/p>\n<p data-start=\"803\" data-end=\"897\">Ao utilizar os nossos servi\u00e7os ou navegar no nosso website, concorda com os termos descritos nesta pol\u00edtica.<\/p>\n<hr data-start=\"899\" data-end=\"902\" \/>\n<h2 data-start=\"904\" data-end=\"932\">2. Informa\u00e7\u00e3o que Recolhemos<\/h2>\n<p data-start=\"934\" data-end=\"984\">Podemos coletar as seguintes informa\u00e7\u00f5es pessoais:<\/p>\n<ul data-start=\"986\" data-end=\"1217\">\n<li data-start=\"986\" data-end=\"999\">\n<p data-start=\"988\" data-end=\"999\">Nome completo<\/p>\n<\/li>\n<li data-start=\"1000\" data-end=\"1050\">\n<p data-start=\"1002\" data-end=\"1050\">Dados de contato (e-mail, n\u00famero de telefone, endere\u00e7o)<\/p>\n<\/li>\n<li data-start=\"1051\" data-end=\"1097\">\n<p data-start=\"1053\" data-end=\"1097\">N\u00famero de identifica\u00e7\u00e3o ou passaporte (conforme exigido por lei)<\/p>\n<\/li>\n<li data-start=\"1098\" data-end=\"1121\">\n<p data-start=\"1100\" data-end=\"1121\">Informa\u00e7\u00f5es de pagamento<\/p>\n<\/li>\n<li data-start=\"1122\" data-end=\"1145\">\n<p data-start=\"1124\" data-end=\"1145\">Prefer\u00eancias de reserva<\/p>\n<\/li>\n<li data-start=\"1146\" data-end=\"1217\">\n<p data-start=\"1148\" data-end=\"1217\">Endere\u00e7o IP e informa\u00e7\u00f5es do navegador\/dispositivo (ao visitar nosso site)<\/p>\n<\/li>\n<\/ul>\n<hr data-start=\"1219\" data-end=\"1222\" \/>\n<h2 data-start=\"1224\" data-end=\"1257\">3. Como utilizamos as Suas Informa\u00e7\u00f5es<\/h2>\n<p data-start=\"1259\" data-end=\"1317\">Os seus dados pessoais poder\u00e3o ser utilizados para os seguintes fins:<\/p>\n<ul data-start=\"1319\" data-end=\"1603\">\n<li data-start=\"1319\" data-end=\"1368\">\n<p data-start=\"1321\" data-end=\"1368\">Processamento e gest\u00e3o de reservas<\/p>\n<\/li>\n<li data-start=\"1369\" data-end=\"1430\">\n<p data-start=\"1371\" data-end=\"1430\">Comunicar com voc\u00ea antes, durante ou depois da sua estadia.<\/p>\n<\/li>\n<li data-start=\"1431\" data-end=\"1490\">\n<p data-start=\"1433\" data-end=\"1490\">Cumprir obriga\u00e7\u00f5es legais (ex.: registo de h\u00f3spedes)<\/p>\n<\/li>\n<li data-start=\"1491\" data-end=\"1543\">\n<p data-start=\"1493\" data-end=\"1543\">Melhorar nossos servi\u00e7os e a funcionalidade do site.<\/p>\n<\/li>\n<li data-start=\"1544\" data-end=\"1603\">\n<p data-start=\"1546\" data-end=\"1603\">Envio de comunica\u00e7\u00f5es de marketing (somente com o seu consentimento)<\/p>\n<\/li>\n<\/ul>\n<p data-start=\"1605\" data-end=\"1698\">N\u00e3o vendemos, alugamos ou compartilhamos seus dados pessoais com terceiros para fins comerciais.<\/p>\n<hr data-start=\"1700\" data-end=\"1703\" \/>\n<h2 data-start=\"1705\" data-end=\"1725\">4. Reten\u00e7\u00e3o de Dados<\/h2>\n<p data-start=\"1727\" data-end=\"1899\">Conservaremos suas informa\u00e7\u00f5es pessoais apenas pelo tempo necess\u00e1rio para cumprir as finalidades descritas nesta pol\u00edtica, a menos que um per\u00edodo de reten\u00e7\u00e3o mais longo seja exigido por lei.<\/p>\n<hr data-start=\"1901\" data-end=\"1904\" \/>\n<h2 data-start=\"1906\" data-end=\"1923\">5. Os Seus Direitos<\/h2>\n<p data-start=\"1925\" data-end=\"1947\">Voc\u00ea tem o direito a:<\/p>\n<ul data-start=\"1949\" data-end=\"2183\">\n<li data-start=\"1949\" data-end=\"1978\">\n<p data-start=\"1951\" data-end=\"1978\">Aceda aos seus dados pessoais<\/p>\n<\/li>\n<li data-start=\"1979\" data-end=\"2026\">\n<p data-start=\"1981\" data-end=\"2026\">Solicitar a corre\u00e7\u00e3o ou exclus\u00e3o dos seus dados<\/p>\n<\/li>\n<li data-start=\"2027\" data-end=\"2080\">\n<p data-start=\"2029\" data-end=\"2080\">Opor-se ao processamento dos seus dados ou restringi-lo.<\/p>\n<\/li>\n<li data-start=\"2081\" data-end=\"2130\">\n<p data-start=\"2083\" data-end=\"2130\">Retirar o consentimento para comunica\u00e7\u00f5es de marketing<\/p>\n<\/li>\n<li data-start=\"2131\" data-end=\"2183\">\n<p data-start=\"2133\" data-end=\"2183\">Apresente uma reclama\u00e7\u00e3o a uma autoridade de prote\u00e7\u00e3o de dados.<\/p>\n<\/li>\n<\/ul>\n<p data-start=\"2185\" data-end=\"2308\">Para exercer qualquer um desses direitos, entre em contato conosco atrav\u00e9s do seguinte endere\u00e7o:<br data-start=\"2239\" data-end=\"2242\" \/><strong data-start=\"2242\" data-end=\"2251\">E-mail<\/strong>: <a href=\"https:\/\/internacionalazores.com\/pt\/contact\/\">Visite a p\u00e1gina de contatos<\/a><br data-start=\"2270\" data-end=\"2273\" \/><strong data-start=\"2273\" data-end=\"2282\">Telefone<\/strong>: <a href=\"https:\/\/internacionalazores.com\/pt\/contact\/\">Visite a p\u00e1gina de contatos<\/a><\/p>\n<hr data-start=\"2310\" data-end=\"2313\" \/>\n<h2 data-start=\"2315\" data-end=\"2328\">6. Cookies<\/h2>\n<p data-start=\"2330\" data-end=\"2450\">Nosso site usa cookies para melhorar sua experi\u00eancia e coletar informa\u00e7\u00f5es sobre como voc\u00ea usa nosso site. Os cookies nos ajudam a:<\/p>\n<ul data-start=\"2452\" data-end=\"2558\">\n<li data-start=\"2452\" data-end=\"2481\">\n<p data-start=\"2454\" data-end=\"2481\">Lembre-se das suas prefer\u00eancias.<\/p>\n<\/li>\n<li data-start=\"2482\" data-end=\"2531\">\n<p data-start=\"2484\" data-end=\"2531\">Compreenda o tr\u00e1fego e os padr\u00f5es de utiliza\u00e7\u00e3o do site.<\/p>\n<\/li>\n<li data-start=\"2532\" data-end=\"2558\">\n<p data-start=\"2534\" data-end=\"2558\">Melhorar o desempenho do site<\/p>\n<\/li>\n<\/ul>\n<p data-start=\"2560\" data-end=\"2697\">Voc\u00ea pode controlar ou desativar os cookies atrav\u00e9s das configura\u00e7\u00f5es do seu navegador. Observe que a desativa\u00e7\u00e3o dos cookies pode afetar certas funcionalidades do nosso site.<\/p>\n<hr data-start=\"2699\" data-end=\"2702\" \/>\n<h2 data-start=\"2704\" data-end=\"2730\">7. Servi\u00e7os de Terceiros<\/h2>\n<p data-start=\"2732\" data-end=\"2990\">Poderemos utilizar servi\u00e7os de terceiros, tais como motores de reserva, processadores de pagamentos ou ferramentas de an\u00e1lise. Estes servi\u00e7os podem recolher dados conforme descrito nas suas pr\u00f3prias pol\u00edticas de privacidade. Garantimos que todos os fornecedores terceiros cumprem as leis de prote\u00e7\u00e3o de dados aplic\u00e1veis.<\/p>\n<hr data-start=\"2992\" data-end=\"2995\" \/>\n<h2 data-start=\"2997\" data-end=\"3025\">8. Altera\u00e7\u00f5es a esta Pol\u00edtica<\/h2>\n<p data-start=\"3027\" data-end=\"3190\">Podemos atualizar esta Pol\u00edtica de Privacidade e Cookies ocasionalmente. A vers\u00e3o mais recente estar\u00e1 sempre dispon\u00edvel em nosso site e recomendamos que voc\u00ea a consulte regularmente.<\/p>\n<hr data-start=\"3192\" data-end=\"3195\" \/>\n<h2 data-start=\"3197\" data-end=\"3210\">9. Contato<\/h2>\n<p data-start=\"3212\" data-end=\"3311\">Para quaisquer d\u00favidas sobre esta pol\u00edtica ou sobre como tratamos suas informa\u00e7\u00f5es pessoais, entre em contato conosco:<\/p>\n<p data-start=\"3313\" data-end=\"3446\"><strong data-start=\"3313\" data-end=\"3346\">Internacional Azores Boutique<\/strong><br data-start=\"3346\" data-end=\"3349\" \/>Rua Conselheiro Medeiros, 1<br data-start=\"3377\" data-end=\"3380\" \/><strong data-start=\"3380\" data-end=\"3389\">E-mail<\/strong>: <a href=\"https:\/\/internacionalazores.com\/pt\/contact\/\">Visite a p\u00e1gina de contatos<\/a><br data-start=\"3408\" data-end=\"3411\" \/><strong data-start=\"3411\" data-end=\"3420\">Telefone<\/strong>: <a href=\"https:\/\/internacionalazores.com\/pt\/contact\/\">Visite a p\u00e1gina de contatos<\/a><\/p>","protected":false},"excerpt":{"rendered":"<p>Internacional Azores Boutique 1. Introduction Internacional Azores Boutique (\u201cwe\u201d, \u201cus\u201d, or \u201cour\u201d) is committed to protecting the privacy and personal data of our guests and website visitors. This Privacy and Cookie Policy explains how we collect, use, store, and share [&hellip;]<\/p>\n","protected":false},"author":1,"featured_media":0,"parent":0,"menu_order":0,"comment_status":"closed","ping_status":"closed","template":"elementor_theme","meta":{"footnotes":""},"class_list":["post-4062","page","type-page","status-publish","hentry"],"yoast_head":"<!-- This site is optimized with the Yoast SEO plugin v27.4 - https:\/\/yoast.com\/product\/yoast-seo-wordpress\/ -->\n<title>Privacy Policy and Cookie Policy - Internacional Azores Boutique<\/title>\n<meta name=\"robots\" content=\"index, follow, max-snippet:-1, max-image-preview:large, max-video-preview:-1\" \/>\n<link rel=\"canonical\" href=\"https:\/\/internacionalazores.com\/pt\/privacy\/\" \/>\n<meta property=\"og:locale\" content=\"pt_PT\" \/>\n<meta property=\"og:type\" content=\"article\" \/>\n<meta property=\"og:title\" content=\"Privacy Policy and Cookie Policy - Internacional Azores Boutique\" \/>\n<meta property=\"og:description\" content=\"Internacional Azores Boutique 1. Introduction Internacional Azores Boutique (\u201cwe\u201d, \u201cus\u201d, or \u201cour\u201d) is committed to protecting the privacy and personal data of our guests and website visitors. This Privacy and Cookie Policy explains how we collect, use, store, and share [&hellip;]\" \/>\n<meta property=\"og:url\" content=\"https:\/\/internacionalazores.com\/pt\/privacy\/\" \/>\n<meta property=\"og:site_name\" content=\"Internacional Azores Boutique\" \/>\n<meta property=\"article:publisher\" content=\"https:\/\/www.facebook.com\/INTERNACIONALAZORES\" \/>\n<meta property=\"article:modified_time\" content=\"2025-07-30T15:29:17+00:00\" \/>\n<meta name=\"twitter:card\" content=\"summary_large_image\" \/>\n<meta name=\"twitter:label1\" content=\"Tempo estimado de leitura\" \/>\n\t<meta name=\"twitter:data1\" content=\"2 minutos\" \/>\n<script type=\"application\/ld+json\" class=\"yoast-schema-graph\">{\"@context\":\"https:\\\/\\\/schema.org\",\"@graph\":[{\"@type\":\"WebPage\",\"@id\":\"https:\\\/\\\/internacionalazores.com\\\/privacy\\\/\",\"url\":\"https:\\\/\\\/internacionalazores.com\\\/privacy\\\/\",\"name\":\"Privacy Policy and Cookie Policy - Internacional Azores Boutique\",\"isPartOf\":{\"@id\":\"https:\\\/\\\/internacionalazores.com\\\/#website\"},\"datePublished\":\"2025-07-30T15:27:00+00:00\",\"dateModified\":\"2025-07-30T15:29:17+00:00\",\"breadcrumb\":{\"@id\":\"https:\\\/\\\/internacionalazores.com\\\/privacy\\\/#breadcrumb\"},\"inLanguage\":\"pt-PT\",\"potentialAction\":[{\"@type\":\"ReadAction\",\"target\":[\"https:\\\/\\\/internacionalazores.com\\\/privacy\\\/\"]}]},{\"@type\":\"BreadcrumbList\",\"@id\":\"https:\\\/\\\/internacionalazores.com\\\/privacy\\\/#breadcrumb\",\"itemListElement\":[{\"@type\":\"ListItem\",\"position\":1,\"name\":\"Home\",\"item\":\"https:\\\/\\\/internacionalazores.com\\\/\"},{\"@type\":\"ListItem\",\"position\":2,\"name\":\"Privacy Policy and Cookie Policy\"}]},{\"@type\":\"WebSite\",\"@id\":\"https:\\\/\\\/internacionalazores.com\\\/#website\",\"url\":\"https:\\\/\\\/internacionalazores.com\\\/\",\"name\":\"Internacional Azores Boutique\",\"description\":\"Ilha do Faial, A\u00e7ores\",\"publisher\":{\"@id\":\"https:\\\/\\\/internacionalazores.com\\\/#organization\"},\"potentialAction\":[{\"@type\":\"SearchAction\",\"target\":{\"@type\":\"EntryPoint\",\"urlTemplate\":\"https:\\\/\\\/internacionalazores.com\\\/?s={search_term_string}\"},\"query-input\":{\"@type\":\"PropertyValueSpecification\",\"valueRequired\":true,\"valueName\":\"search_term_string\"}}],\"inLanguage\":\"pt-PT\"},{\"@type\":\"Organization\",\"@id\":\"https:\\\/\\\/internacionalazores.com\\\/#organization\",\"name\":\"Internacional Azores Boutique\",\"url\":\"https:\\\/\\\/internacionalazores.com\\\/\",\"logo\":{\"@type\":\"ImageObject\",\"inLanguage\":\"pt-PT\",\"@id\":\"https:\\\/\\\/internacionalazores.com\\\/#\\\/schema\\\/logo\\\/image\\\/\",\"url\":\"https:\\\/\\\/internacionalazores.com\\\/wp-content\\\/uploads\\\/2023\\\/11\\\/Logo-final-01-300x206-1.png\",\"contentUrl\":\"https:\\\/\\\/internacionalazores.com\\\/wp-content\\\/uploads\\\/2023\\\/11\\\/Logo-final-01-300x206-1.png\",\"width\":300,\"height\":206,\"caption\":\"Internacional Azores Boutique\"},\"image\":{\"@id\":\"https:\\\/\\\/internacionalazores.com\\\/#\\\/schema\\\/logo\\\/image\\\/\"},\"sameAs\":[\"https:\\\/\\\/www.facebook.com\\\/INTERNACIONALAZORES\",\"https:\\\/\\\/www.instagram.com\\\/internacional.azores\\\/\"]}]}<\/script>\n<!-- \/ Yoast SEO plugin. -->","yoast_head_json":{"title":"Privacy Policy and Cookie Policy - Internacional Azores Boutique","robots":{"index":"index","follow":"follow","max-snippet":"max-snippet:-1","max-image-preview":"max-image-preview:large","max-video-preview":"max-video-preview:-1"},"canonical":"https:\/\/internacionalazores.com\/pt\/privacy\/","og_locale":"pt_PT","og_type":"article","og_title":"Privacy Policy and Cookie Policy - Internacional Azores Boutique","og_description":"Internacional Azores Boutique 1. Introduction Internacional Azores Boutique (\u201cwe\u201d, \u201cus\u201d, or \u201cour\u201d) is committed to protecting the privacy and personal data of our guests and website visitors. This Privacy and Cookie Policy explains how we collect, use, store, and share [&hellip;]","og_url":"https:\/\/internacionalazores.com\/pt\/privacy\/","og_site_name":"Internacional Azores Boutique","article_publisher":"https:\/\/www.facebook.com\/INTERNACIONALAZORES","article_modified_time":"2025-07-30T15:29:17+00:00","twitter_card":"summary_large_image","twitter_misc":{"Tempo estimado de leitura":"2 minutos"},"schema":{"@context":"https:\/\/schema.org","@graph":[{"@type":"WebPage","@id":"https:\/\/internacionalazores.com\/privacy\/","url":"https:\/\/internacionalazores.com\/privacy\/","name":"Privacy Policy and Cookie Policy - Internacional Azores Boutique","isPartOf":{"@id":"https:\/\/internacionalazores.com\/#website"},"datePublished":"2025-07-30T15:27:00+00:00","dateModified":"2025-07-30T15:29:17+00:00","breadcrumb":{"@id":"https:\/\/internacionalazores.com\/privacy\/#breadcrumb"},"inLanguage":"pt-PT","potentialAction":[{"@type":"ReadAction","target":["https:\/\/internacionalazores.com\/privacy\/"]}]},{"@type":"BreadcrumbList","@id":"https:\/\/internacionalazores.com\/privacy\/#breadcrumb","itemListElement":[{"@type":"ListItem","position":1,"name":"Home","item":"https:\/\/internacionalazores.com\/"},{"@type":"ListItem","position":2,"name":"Privacy Policy and Cookie Policy"}]},{"@type":"WebSite","@id":"https:\/\/internacionalazores.com\/#website","url":"https:\/\/internacionalazores.com\/","name":"Internacional Azores Boutique","description":"Ilha do Faial, A\u00e7ores","publisher":{"@id":"https:\/\/internacionalazores.com\/#organization"},"potentialAction":[{"@type":"SearchAction","target":{"@type":"EntryPoint","urlTemplate":"https:\/\/internacionalazores.com\/?s={search_term_string}"},"query-input":{"@type":"PropertyValueSpecification","valueRequired":true,"valueName":"search_term_string"}}],"inLanguage":"pt-PT"},{"@type":"Organization","@id":"https:\/\/internacionalazores.com\/#organization","name":"Internacional Azores Boutique","url":"https:\/\/internacionalazores.com\/","logo":{"@type":"ImageObject","inLanguage":"pt-PT","@id":"https:\/\/internacionalazores.com\/#\/schema\/logo\/image\/","url":"https:\/\/internacionalazores.com\/wp-content\/uploads\/2023\/11\/Logo-final-01-300x206-1.png","contentUrl":"https:\/\/internacionalazores.com\/wp-content\/uploads\/2023\/11\/Logo-final-01-300x206-1.png","width":300,"height":206,"caption":"Internacional Azores Boutique"},"image":{"@id":"https:\/\/internacionalazores.com\/#\/schema\/logo\/image\/"},"sameAs":["https:\/\/www.facebook.com\/INTERNACIONALAZORES","https:\/\/www.instagram.com\/internacional.azores\/"]}]}},"_links":{"self":[{"href":"https:\/\/internacionalazores.com\/pt\/wp-json\/wp\/v2\/pages\/4062","targetHints":{"allow":["GET"]}}],"collection":[{"href":"https:\/\/internacionalazores.com\/pt\/wp-json\/wp\/v2\/pages"}],"about":[{"href":"https:\/\/internacionalazores.com\/pt\/wp-json\/wp\/v2\/types\/page"}],"author":[{"embeddable":true,"href":"https:\/\/internacionalazores.com\/pt\/wp-json\/wp\/v2\/users\/1"}],"replies":[{"embeddable":true,"href":"https:\/\/internacionalazores.com\/pt\/wp-json\/wp\/v2\/comments?post=4062"}],"version-history":[{"count":4,"href":"https:\/\/internacionalazores.com\/pt\/wp-json\/wp\/v2\/pages\/4062\/revisions"}],"predecessor-version":[{"id":4067,"href":"https:\/\/internacionalazores.com\/pt\/wp-json\/wp\/v2\/pages\/4062\/revisions\/4067"}],"wp:attachment":[{"href":"https:\/\/internacionalazores.com\/pt\/wp-json\/wp\/v2\/media?parent=4062"}],"curies":[{"name":"wp","href":"https:\/\/api.w.org\/{rel}","templated":true}]}}