{"id":3141,"date":"2022-04-01T05:28:16","date_gmt":"2022-04-01T05:28:16","guid":{"rendered":"https:\/\/hotellerv5.themegoods.com\/boutique\/?page_id=2"},"modified":"2022-04-01T05:28:16","modified_gmt":"2022-04-01T05:28:16","slug":"sample-page-2","status":"publish","type":"page","link":"https:\/\/internacionalazores.com\/pt\/sample-page-2\/","title":{"rendered":"P\u00e1gina de exemplo"},"content":{"rendered":"<p>Esta \u00e9 uma p\u00e1gina de exemplo. Ela \u00e9 diferente de uma postagem de blog porque permanecer\u00e1 em um \u00fanico lugar e aparecer\u00e1 na navega\u00e7\u00e3o do seu site (na maioria dos temas). A maioria das pessoas come\u00e7a com uma p\u00e1gina &quot;Sobre&quot; que as apresenta aos visitantes em potencial do site. Ela pode dizer algo como:<\/p>\n\n\n\n<blockquote class=\"wp-block-quote is-layout-flow wp-block-quote-is-layout-flow\"><p>Ol\u00e1! Sou entregador de bicicleta durante o dia, aspirante a ator \u00e0 noite, e este \u00e9 o meu site. Moro em Los Angeles, tenho um cachorro incr\u00edvel chamado Jack e gosto de pi\u00f1a coladas. (E de ser pego na chuva.)<\/p><\/blockquote>\n\n\n\n<p>\u2026ou algo parecido com isto:<\/p>\n\n\n\n<blockquote class=\"wp-block-quote is-layout-flow wp-block-quote-is-layout-flow\"><p>A empresa XYZ Doohickey foi fundada em 1971 e, desde ent\u00e3o, fornece produtos de qualidade ao p\u00fablico. Localizada em Gotham City, a XYZ emprega mais de 2.000 pessoas e realiza diversas a\u00e7\u00f5es incr\u00edveis para a comunidade de Gotham.<\/p><\/blockquote>\n\n\n\n<p>Como novo usu\u00e1rio do WordPress, voc\u00ea deve acessar [inserir URL aqui] para excluir esta p\u00e1gina e criar novas p\u00e1ginas para o seu conte\u00fado. Divirta-se!<\/p>","protected":false},"excerpt":{"rendered":"<p>This is an example page. It&#8217;s different from a blog post because it will stay in one place and will show up in your site navigation (in most themes). Most people start with an About page that introduces them to [&hellip;]<\/p>\n","protected":false},"author":1,"featured_media":0,"parent":0,"menu_order":0,"comment_status":"closed","ping_status":"open","template":"","meta":{"footnotes":""},"class_list":["post-3141","page","type-page","status-publish","hentry"],"yoast_head":"<!-- This site is optimized with the Yoast SEO plugin v27.5 - https:\/\/yoast.com\/product\/yoast-seo-wordpress\/ -->\n<title>Sample Page - Internacional Azores Boutique<\/title>\n<meta name=\"robots\" content=\"index, follow, max-snippet:-1, max-image-preview:large, max-video-preview:-1\" \/>\n<link rel=\"canonical\" href=\"https:\/\/internacionalazores.com\/pt\/sample-page-2\/\" \/>\n<meta property=\"og:locale\" content=\"pt_PT\" \/>\n<meta property=\"og:type\" content=\"article\" \/>\n<meta property=\"og:title\" content=\"Sample Page - Internacional Azores Boutique\" \/>\n<meta property=\"og:description\" content=\"This is an example page. It&#8217;s different from a blog post because it will stay in one place and will show up in your site navigation (in most themes). Most people start with an About page that introduces them to [&hellip;]\" \/>\n<meta property=\"og:url\" content=\"https:\/\/internacionalazores.com\/pt\/sample-page-2\/\" \/>\n<meta property=\"og:site_name\" content=\"Internacional Azores Boutique\" \/>\n<meta property=\"article:publisher\" content=\"https:\/\/www.facebook.com\/INTERNACIONALAZORES\" \/>\n<meta name=\"twitter:card\" content=\"summary_large_image\" \/>\n<meta name=\"twitter:label1\" content=\"Tempo estimado de leitura\" \/>\n\t<meta name=\"twitter:data1\" content=\"1 minuto\" \/>\n<script type=\"application\/ld+json\" class=\"yoast-schema-graph\">{\"@context\":\"https:\\\/\\\/schema.org\",\"@graph\":[{\"@type\":\"WebPage\",\"@id\":\"https:\\\/\\\/internacionalazores.com\\\/sample-page-2\\\/\",\"url\":\"https:\\\/\\\/internacionalazores.com\\\/sample-page-2\\\/\",\"name\":\"Sample Page - Internacional Azores Boutique\",\"isPartOf\":{\"@id\":\"https:\\\/\\\/internacionalazores.com\\\/#website\"},\"datePublished\":\"2022-04-01T05:28:16+00:00\",\"breadcrumb\":{\"@id\":\"https:\\\/\\\/internacionalazores.com\\\/sample-page-2\\\/#breadcrumb\"},\"inLanguage\":\"pt-PT\",\"potentialAction\":[{\"@type\":\"ReadAction\",\"target\":[\"https:\\\/\\\/internacionalazores.com\\\/sample-page-2\\\/\"]}]},{\"@type\":\"BreadcrumbList\",\"@id\":\"https:\\\/\\\/internacionalazores.com\\\/sample-page-2\\\/#breadcrumb\",\"itemListElement\":[{\"@type\":\"ListItem\",\"position\":1,\"name\":\"Home\",\"item\":\"https:\\\/\\\/internacionalazores.com\\\/\"},{\"@type\":\"ListItem\",\"position\":2,\"name\":\"Sample Page\"}]},{\"@type\":\"WebSite\",\"@id\":\"https:\\\/\\\/internacionalazores.com\\\/#website\",\"url\":\"https:\\\/\\\/internacionalazores.com\\\/\",\"name\":\"Internacional Azores Boutique\",\"description\":\"Ilha do Faial, A\u00e7ores\",\"publisher\":{\"@id\":\"https:\\\/\\\/internacionalazores.com\\\/#organization\"},\"potentialAction\":[{\"@type\":\"SearchAction\",\"target\":{\"@type\":\"EntryPoint\",\"urlTemplate\":\"https:\\\/\\\/internacionalazores.com\\\/?s={search_term_string}\"},\"query-input\":{\"@type\":\"PropertyValueSpecification\",\"valueRequired\":true,\"valueName\":\"search_term_string\"}}],\"inLanguage\":\"pt-PT\"},{\"@type\":\"Organization\",\"@id\":\"https:\\\/\\\/internacionalazores.com\\\/#organization\",\"name\":\"Internacional Azores Boutique\",\"url\":\"https:\\\/\\\/internacionalazores.com\\\/\",\"logo\":{\"@type\":\"ImageObject\",\"inLanguage\":\"pt-PT\",\"@id\":\"https:\\\/\\\/internacionalazores.com\\\/#\\\/schema\\\/logo\\\/image\\\/\",\"url\":\"https:\\\/\\\/internacionalazores.com\\\/wp-content\\\/uploads\\\/2023\\\/11\\\/Logo-final-01-300x206-1.png\",\"contentUrl\":\"https:\\\/\\\/internacionalazores.com\\\/wp-content\\\/uploads\\\/2023\\\/11\\\/Logo-final-01-300x206-1.png\",\"width\":300,\"height\":206,\"caption\":\"Internacional Azores Boutique\"},\"image\":{\"@id\":\"https:\\\/\\\/internacionalazores.com\\\/#\\\/schema\\\/logo\\\/image\\\/\"},\"sameAs\":[\"https:\\\/\\\/www.facebook.com\\\/INTERNACIONALAZORES\",\"https:\\\/\\\/www.instagram.com\\\/internacional.azores\\\/\"]}]}<\/script>\n<!-- \/ Yoast SEO plugin. -->","yoast_head_json":{"title":"Sample Page - Internacional Azores Boutique","robots":{"index":"index","follow":"follow","max-snippet":"max-snippet:-1","max-image-preview":"max-image-preview:large","max-video-preview":"max-video-preview:-1"},"canonical":"https:\/\/internacionalazores.com\/pt\/sample-page-2\/","og_locale":"pt_PT","og_type":"article","og_title":"Sample Page - Internacional Azores Boutique","og_description":"This is an example page. It&#8217;s different from a blog post because it will stay in one place and will show up in your site navigation (in most themes). Most people start with an About page that introduces them to [&hellip;]","og_url":"https:\/\/internacionalazores.com\/pt\/sample-page-2\/","og_site_name":"Internacional Azores Boutique","article_publisher":"https:\/\/www.facebook.com\/INTERNACIONALAZORES","twitter_card":"summary_large_image","twitter_misc":{"Tempo estimado de leitura":"1 minuto"},"schema":{"@context":"https:\/\/schema.org","@graph":[{"@type":"WebPage","@id":"https:\/\/internacionalazores.com\/sample-page-2\/","url":"https:\/\/internacionalazores.com\/sample-page-2\/","name":"Sample Page - Internacional Azores Boutique","isPartOf":{"@id":"https:\/\/internacionalazores.com\/#website"},"datePublished":"2022-04-01T05:28:16+00:00","breadcrumb":{"@id":"https:\/\/internacionalazores.com\/sample-page-2\/#breadcrumb"},"inLanguage":"pt-PT","potentialAction":[{"@type":"ReadAction","target":["https:\/\/internacionalazores.com\/sample-page-2\/"]}]},{"@type":"BreadcrumbList","@id":"https:\/\/internacionalazores.com\/sample-page-2\/#breadcrumb","itemListElement":[{"@type":"ListItem","position":1,"name":"Home","item":"https:\/\/internacionalazores.com\/"},{"@type":"ListItem","position":2,"name":"Sample Page"}]},{"@type":"WebSite","@id":"https:\/\/internacionalazores.com\/#website","url":"https:\/\/internacionalazores.com\/","name":"Internacional Azores Boutique","description":"Ilha do Faial, A\u00e7ores","publisher":{"@id":"https:\/\/internacionalazores.com\/#organization"},"potentialAction":[{"@type":"SearchAction","target":{"@type":"EntryPoint","urlTemplate":"https:\/\/internacionalazores.com\/?s={search_term_string}"},"query-input":{"@type":"PropertyValueSpecification","valueRequired":true,"valueName":"search_term_string"}}],"inLanguage":"pt-PT"},{"@type":"Organization","@id":"https:\/\/internacionalazores.com\/#organization","name":"Internacional Azores Boutique","url":"https:\/\/internacionalazores.com\/","logo":{"@type":"ImageObject","inLanguage":"pt-PT","@id":"https:\/\/internacionalazores.com\/#\/schema\/logo\/image\/","url":"https:\/\/internacionalazores.com\/wp-content\/uploads\/2023\/11\/Logo-final-01-300x206-1.png","contentUrl":"https:\/\/internacionalazores.com\/wp-content\/uploads\/2023\/11\/Logo-final-01-300x206-1.png","width":300,"height":206,"caption":"Internacional Azores Boutique"},"image":{"@id":"https:\/\/internacionalazores.com\/#\/schema\/logo\/image\/"},"sameAs":["https:\/\/www.facebook.com\/INTERNACIONALAZORES","https:\/\/www.instagram.com\/internacional.azores\/"]}]}},"_links":{"self":[{"href":"https:\/\/internacionalazores.com\/pt\/wp-json\/wp\/v2\/pages\/3141","targetHints":{"allow":["GET"]}}],"collection":[{"href":"https:\/\/internacionalazores.com\/pt\/wp-json\/wp\/v2\/pages"}],"about":[{"href":"https:\/\/internacionalazores.com\/pt\/wp-json\/wp\/v2\/types\/page"}],"author":[{"embeddable":true,"href":"https:\/\/internacionalazores.com\/pt\/wp-json\/wp\/v2\/users\/1"}],"replies":[{"embeddable":true,"href":"https:\/\/internacionalazores.com\/pt\/wp-json\/wp\/v2\/comments?post=3141"}],"version-history":[{"count":0,"href":"https:\/\/internacionalazores.com\/pt\/wp-json\/wp\/v2\/pages\/3141\/revisions"}],"wp:attachment":[{"href":"https:\/\/internacionalazores.com\/pt\/wp-json\/wp\/v2\/media?parent=3141"}],"curies":[{"name":"wp","href":"https:\/\/api.w.org\/{rel}","templated":true}]}}